{"id":623,"date":"2025-05-01T13:38:55","date_gmt":"2025-05-01T11:38:55","guid":{"rendered":"https:\/\/vbga.qreate.ch\/?page_id=623"},"modified":"2026-03-31T11:02:37","modified_gmt":"2026-03-31T09:02:37","slug":"impressum","status":"publish","type":"page","link":"https:\/\/vbga.qreate.ch\/it\/impressum\/","title":{"rendered":"Impressum"},"content":{"rendered":"<div data-elementor-type=\"wp-page\" data-elementor-id=\"623\" class=\"elementor elementor-623\" data-elementor-post-type=\"page\">\n\t\t\t\t<div class=\"elementor-element elementor-element-317b3c3 e-flex e-con-boxed e-con e-parent\" data-id=\"317b3c3\" data-element_type=\"container\" data-e-type=\"container\">\n\t\t\t\t\t<div class=\"e-con-inner\">\n\t\t\t\t<div class=\"elementor-element elementor-element-34480b4 elementor-widget elementor-widget-heading\" data-id=\"34480b4\" data-element_type=\"widget\" data-e-type=\"widget\" data-widget_type=\"heading.default\">\n\t\t\t\t<div class=\"elementor-widget-container\">\n\t\t\t\t\t<h1 class=\"elementor-heading-title elementor-size-default\">Impressum<\/h1>\t\t\t\t<\/div>\n\t\t\t\t<\/div>\n\t\t\t\t\t<\/div>\n\t\t\t\t<\/div>\n\t\t<div class=\"elementor-element elementor-element-ff0724c e-flex e-con-boxed e-con e-parent\" data-id=\"ff0724c\" data-element_type=\"container\" data-e-type=\"container\">\n\t\t\t\t\t<div class=\"e-con-inner\">\n\t\t<div class=\"elementor-element elementor-element-bc48067 e-con-full e-flex e-con e-child\" data-id=\"bc48067\" data-element_type=\"container\" data-e-type=\"container\">\n\t\t\t\t<div class=\"elementor-element elementor-element-cf8ebf1 elementor-widget elementor-widget-heading\" data-id=\"cf8ebf1\" data-element_type=\"widget\" data-e-type=\"widget\" data-widget_type=\"heading.default\">\n\t\t\t\t<div class=\"elementor-widget-container\">\n\t\t\t\t\t<p class=\"elementor-heading-title elementor-size-default\">Verantwortlich<\/p>\t\t\t\t<\/div>\n\t\t\t\t<\/div>\n\t\t\t\t<div class=\"elementor-element elementor-element-b38c398 elementor-widget elementor-widget-text-editor\" data-id=\"b38c398\" data-element_type=\"widget\" data-e-type=\"widget\" data-widget_type=\"text-editor.default\">\n\t\t\t\t<div class=\"elementor-widget-container\">\n\t\t\t\t\t\t\t\t\t<p>Pr\u00e4sidium<br \/>Giulia Giovanoli<br \/>Gemeinde Bregaglia<br \/>7606 Promontogno<\/p><p><a href=\"mailto:giulia.giovanoli@bregaglia.ch\">giulia.giovanoli@bregaglia.ch<\/a><\/p>\t\t\t\t\t\t\t\t<\/div>\n\t\t\t\t<\/div>\n\t\t\t\t<div class=\"elementor-element elementor-element-75a8783 elementor-widget elementor-widget-heading\" data-id=\"75a8783\" data-element_type=\"widget\" data-e-type=\"widget\" data-widget_type=\"heading.default\">\n\t\t\t\t<div class=\"elementor-widget-container\">\n\t\t\t\t\t<p class=\"elementor-heading-title elementor-size-default\">Inhalt<\/p>\t\t\t\t<\/div>\n\t\t\t\t<\/div>\n\t\t\t\t<div class=\"elementor-element elementor-element-5f3ac99 elementor-widget elementor-widget-text-editor\" data-id=\"5f3ac99\" data-element_type=\"widget\" data-e-type=\"widget\" data-widget_type=\"text-editor.default\">\n\t\t\t\t<div class=\"elementor-widget-container\">\n\t\t\t\t\t\t\t\t\t<p>Chef-Pr\u00fcfungsexperte<br \/>Martin G\u00f6tschi<br \/>Gemeinde Trimmis<br \/>7203 Trimmis<\/p><p><a href=\"mailto:martin.goetschi@trimmis.ch\">martin.goetschi@trimmis.ch<\/a><\/p>\t\t\t\t\t\t\t\t<\/div>\n\t\t\t\t<\/div>\n\t\t\t\t<\/div>\n\t\t<div class=\"elementor-element elementor-element-a0d797b e-con-full e-flex e-con e-child\" data-id=\"a0d797b\" data-element_type=\"container\" data-e-type=\"container\">\n\t\t\t\t<div class=\"elementor-element elementor-element-3170ac4 elementor-widget elementor-widget-heading\" data-id=\"3170ac4\" data-element_type=\"widget\" data-e-type=\"widget\" data-widget_type=\"heading.default\">\n\t\t\t\t<div class=\"elementor-widget-container\">\n\t\t\t\t\t<p class=\"elementor-heading-title elementor-size-default\">Konzept, Design Und Umsetzung<\/p>\t\t\t\t<\/div>\n\t\t\t\t<\/div>\n\t\t\t\t<div class=\"elementor-element elementor-element-fd168ad elementor-widget elementor-widget-text-editor\" data-id=\"fd168ad\" data-element_type=\"widget\" data-e-type=\"widget\" data-widget_type=\"text-editor.default\">\n\t\t\t\t<div class=\"elementor-widget-container\">\n\t\t\t\t\t\t\t\t\t<p>Qarant GmbH | Digital Marketing<br \/>Tittwiesenstrasse 61<br \/>7000 Chur<\/p><p><a href=\"tel:+41797977000\">+41 79 797 70 00<\/a><br \/><a href=\"mailto:info@qarant.ch\">info@qarant.ch<\/a><br \/><a href=\"http:\/\/www.qarant.ch\" target=\"_blank\" rel=\"noopener\">www.qarant.ch<\/a><\/p>\t\t\t\t\t\t\t\t<\/div>\n\t\t\t\t<\/div>\n\t\t\t\t<\/div>\n\t\t\t\t\t<\/div>\n\t\t\t\t<\/div>\n\t\t\t\t<\/div>","protected":false},"excerpt":{"rendered":"<p>Impressum Verantwortlich Pr\u00e4sidiumGiulia GiovanoliGemeinde Bregaglia7606 Promontogno giulia.giovanoli@bregaglia.ch Inhalt Chef-Pr\u00fcfungsexperteMartin G\u00f6tschiGemeinde Trimmis7203 Trimmis martin.goetschi@trimmis.ch Konzept, Design Und Umsetzung Qarant GmbH | Digital MarketingTittwiesenstrasse 617000 Chur +41 79 797 70 00info@qarant.chwww.qarant.ch<\/p>","protected":false},"author":1,"featured_media":0,"parent":0,"menu_order":0,"comment_status":"closed","ping_status":"closed","template":"","meta":{"_acf_changed":false,"footnotes":""},"class_list":["post-623","page","type-page","status-publish","hentry"],"acf":[],"_links":{"self":[{"href":"https:\/\/vbga.qreate.ch\/it\/wp-json\/wp\/v2\/pages\/623","targetHints":{"allow":["GET"]}}],"collection":[{"href":"https:\/\/vbga.qreate.ch\/it\/wp-json\/wp\/v2\/pages"}],"about":[{"href":"https:\/\/vbga.qreate.ch\/it\/wp-json\/wp\/v2\/types\/page"}],"author":[{"embeddable":true,"href":"https:\/\/vbga.qreate.ch\/it\/wp-json\/wp\/v2\/users\/1"}],"replies":[{"embeddable":true,"href":"https:\/\/vbga.qreate.ch\/it\/wp-json\/wp\/v2\/comments?post=623"}],"version-history":[{"count":19,"href":"https:\/\/vbga.qreate.ch\/it\/wp-json\/wp\/v2\/pages\/623\/revisions"}],"predecessor-version":[{"id":2606,"href":"https:\/\/vbga.qreate.ch\/it\/wp-json\/wp\/v2\/pages\/623\/revisions\/2606"}],"wp:attachment":[{"href":"https:\/\/vbga.qreate.ch\/it\/wp-json\/wp\/v2\/media?parent=623"}],"curies":[{"name":"wp","href":"https:\/\/api.w.org\/{rel}","templated":true}]}}