{"id":1816,"date":"2026-03-16T07:46:59","date_gmt":"2026-03-16T06:46:59","guid":{"rendered":"https:\/\/vbga.qreate.ch\/?page_id=1816"},"modified":"2026-04-13T15:55:37","modified_gmt":"2026-04-13T13:55:37","slug":"kurse-weiterbildungen","status":"publish","type":"page","link":"https:\/\/vbga.qreate.ch\/rm_ch\/kurse-weiterbildungen\/","title":{"rendered":"Kurse &#038; Weiterbildungen"},"content":{"rendered":"<div data-elementor-type=\"wp-page\" data-elementor-id=\"1816\" class=\"elementor elementor-1816\" data-elementor-post-type=\"page\">\n\t\t\t\t<div class=\"elementor-element elementor-element-69dc8e6 e-flex e-con-boxed e-con e-parent\" data-id=\"69dc8e6\" data-element_type=\"container\" data-e-type=\"container\" data-settings=\"{&quot;background_background&quot;:&quot;classic&quot;}\">\n\t\t\t\t\t<div class=\"e-con-inner\">\n\t\t\t\t\t<\/div>\n\t\t\t\t<\/div>\n\t\t<div class=\"elementor-element elementor-element-49e800a e-flex e-con-boxed e-con e-parent\" data-id=\"49e800a\" data-element_type=\"container\" data-e-type=\"container\">\n\t\t\t\t\t<div class=\"e-con-inner\">\n\t\t<div class=\"elementor-element elementor-element-9e9c35b e-con-full e-flex e-con e-child\" data-id=\"9e9c35b\" data-element_type=\"container\" data-e-type=\"container\">\n\t\t\t\t<div class=\"elementor-element elementor-element-3a6cb63 elementor-widget elementor-widget-heading\" data-id=\"3a6cb63\" data-element_type=\"widget\" data-e-type=\"widget\" data-widget_type=\"heading.default\">\n\t\t\t\t<div class=\"elementor-widget-container\">\n\t\t\t\t\t<h1 class=\"elementor-heading-title elementor-size-default\">Kurse und Weiterbildungen\n\n<\/h1>\t\t\t\t<\/div>\n\t\t\t\t<\/div>\n\t\t\t\t<div class=\"elementor-element elementor-element-caa1145 elementor-widget elementor-widget-text-editor\" data-id=\"caa1145\" data-element_type=\"widget\" data-e-type=\"widget\" data-widget_type=\"text-editor.default\">\n\t\t\t\t<div class=\"elementor-widget-container\">\n\t\t\t\t\t\t\t\t\t<p>Eine unserer Hauptaufgaben ist die Organisation von einem interessanten und abwechslungsreichen Weiterbildungs-angebot f\u00fcr Gemeindeangestellte.\u00a0Durch die enge Zusammenarbeit mit dem\u00a0<strong><a title=\"https:\/\/www.htwchur.ch\/weiterbildung\/oeffentliche-verwaltung\/\" href=\"https:\/\/www.htwchur.ch\/weiterbildung\/oeffentliche-verwaltung\/\" target=\"_blank\" rel=\"noopener\">Zentrum f\u00fcr Verwaltungsmanagement<\/a><\/strong>\u00a0der FHGR in Chur sowie durch die Organisation von \u201eeignen\u201c Kursen k\u00f6nnen wir unseren Mitgliedern diverse Schulungs- und Informationsm\u00f6glichkeiten aus der Praxis anbieten. Unsere Mitglieder und die B\u00fcndner Gemeinden werden j\u00e4hrlich mit der Brosch\u00fcre \u00fcber die stattfindenden Kurse orientiert.<\/p><p><strong>Entdecken Sie das aktuelle Kursangebot\u00a0<a title=\"https:\/\/www.fhgr.ch\/weiterbildung\/oeffentliche-verwaltung\/fachkurs\/gemeinden-und-kantonale-verwaltung\/\" href=\"https:\/\/www.fhgr.ch\/weiterbildung\/oeffentliche-verwaltung\/fachkurs\/gemeinden-und-kantonale-verwaltung\/\" target=\"_blank\" rel=\"noopener\">hier<\/a>.<\/strong><\/p>\t\t\t\t\t\t\t\t<\/div>\n\t\t\t\t<\/div>\n\t\t\t\t<\/div>\n\t\t\t\t\t<\/div>\n\t\t\t\t<\/div>\n\t\t<div class=\"elementor-element elementor-element-74841fe e-flex e-con-boxed e-con e-parent\" data-id=\"74841fe\" data-element_type=\"container\" data-e-type=\"container\">\n\t\t\t\t\t<div class=\"e-con-inner\">\n\t\t<div class=\"elementor-element elementor-element-d763e9c e-con-full e-flex e-con e-child\" data-id=\"d763e9c\" data-element_type=\"container\" data-e-type=\"container\">\n\t\t\t\t<div class=\"elementor-element elementor-element-b19cfc2 elementor-widget elementor-widget-heading\" data-id=\"b19cfc2\" data-element_type=\"widget\" data-e-type=\"widget\" data-widget_type=\"heading.default\">\n\t\t\t\t<div class=\"elementor-widget-container\">\n\t\t\t\t\t<h2 class=\"elementor-heading-title elementor-size-default\">Weiterbildungen<\/h2>\t\t\t\t<\/div>\n\t\t\t\t<\/div>\n\t\t\t\t<\/div>\n\t\t\t\t\t<\/div>\n\t\t\t\t<\/div>\n\t\t<div class=\"elementor-element elementor-element-83802b1 e-flex e-con-boxed e-con e-parent\" data-id=\"83802b1\" data-element_type=\"container\" data-e-type=\"container\">\n\t\t\t\t\t<div class=\"e-con-inner\">\n\t\t<div class=\"elementor-element elementor-element-db85bc8 e-con-full e-flex e-con e-child\" data-id=\"db85bc8\" data-element_type=\"container\" data-e-type=\"container\">\n\t\t\t\t<div class=\"elementor-element elementor-element-7ba5f11 elementor-widget elementor-widget-image\" data-id=\"7ba5f11\" data-element_type=\"widget\" data-e-type=\"widget\" data-widget_type=\"image.default\">\n\t\t\t\t<div class=\"elementor-widget-container\">\n\t\t\t\t\t\t\t\t\t\t\t\t\t\t\t<img decoding=\"async\" src=\"https:\/\/vbga.qreate.ch\/wp-content\/uploads\/elementor\/thumbs\/selective-focus-shot-person-holding-book-rkza9t01duhjd49w2glid8f968g1suac2hzgo0iemg.jpg\" title=\"A selective focus shot of a person holding a book\" alt=\"A selective focus shot of a person holding a book\" loading=\"lazy\" \/>\t\t\t\t\t\t\t\t\t\t\t\t\t\t\t<\/div>\n\t\t\t\t<\/div>\n\t\t\t\t<\/div>\n\t\t<div class=\"elementor-element elementor-element-bdce22c e-con-full e-flex e-con e-child\" data-id=\"bdce22c\" data-element_type=\"container\" data-e-type=\"container\">\n\t\t\t\t<div class=\"elementor-element elementor-element-0fa8c60 elementor-widget elementor-widget-text-editor\" data-id=\"0fa8c60\" data-element_type=\"widget\" data-e-type=\"widget\" data-widget_type=\"text-editor.default\">\n\t\t\t\t<div class=\"elementor-widget-container\">\n\t\t\t\t\t\t\t\t\t<p><strong>CAS F\u00fchrung \u00f6ffentliche Verwaltung und NPO\u00a0<\/strong><\/p><p>Der CAS-Lehrgang der FHGR in Chur richtet sich an F\u00fchrungskr\u00e4fte bzw. angehende F\u00fchrungskr\u00e4fte der \u00f6ffentlichen Verwaltung und NPO. Weitere Informationen finden Sie\u00a0<a title=\"https:\/\/www.fhgr.ch\/weiterbildung\/oeffentliche-verwaltung\/fuehrung-oeffentliche-verwaltung-und-npo\/\" href=\"https:\/\/www.fhgr.ch\/weiterbildung\/oeffentliche-verwaltung\/certificate-of-advanced-studies\/fuehrung-oeffentliche-verwaltung-und-npo\/\" target=\"_blank\" rel=\"noopener\">hier<\/a><\/p><p><strong>Fachleute \u00f6ffentliche Verwaltung mit eidg. Fachausweis<\/strong><\/p><p>Dieser Lehrgang, der FHGR und ibw Chur, richtet sich an Mitarbeitende in der Gemeinde-, Kantons- und Bundesverwaltung. Weitere Informationen finden Sie\u00a0<a title=\"https:\/\/www.fhgr.ch\/weiterbildung\/oeffentliche-verwaltung\/fachkurs\/fachleute-oeffentliche-verwaltung-mit-eidg-fachausweis\/\" href=\"https:\/\/www.fhgr.ch\/weiterbildung\/oeffentliche-verwaltung\/fachkurs\/fachleute-oeffentliche-verwaltung-mit-eidg-fachausweis\/\" target=\"_blank\" rel=\"noopener\">hier<\/a><\/p><p><strong>F\u00fchrungsschule \u00f6ffentliche Verwaltung\u00a0<\/strong><\/p><p>Dieser Lehrgang ist die renommierte Ausbildung f\u00fcr Kadermitarbeitende in \u00f6ffentlichen Verwaltungen. Neu mit Passarelle zum CAS. Patronat und beglaubigt durch: VBGA, VTG, Netz SG. Alle Informationen finden Sie\u00a0<a title=\"https:\/\/www.bzwu.ch\/weiterbildung\/wirtschaft\/fuehrung\/fuehrungsschule?find=f%C3%83%C2%BChrungsschule+%C3%83%C2%B6ffentliche+verwaltung\" href=\"https:\/\/bzwu.ch\/weiterbildung\/fuehrung-hr-und-markt\/fuehrung-und-hr\/fuehrungsschule-oeffentliche-verwaltung-fsoev\/\" target=\"_blank\" rel=\"noopener\">hier<\/a>.<\/p><p><strong>Fachfrau\/mann \u00f6ffentliche Verwaltung GFS\u00a0<\/strong><\/p><p>Ausbildung der Gemeindefachschule St. Gallen \u00fcber drei Semester. Weitere Informationen finden Sie\u00a0<a title=\"https:\/\/www.akademie.ch\/de\/lehrgang\/gemeindefachschule\/fachfraumann-oeffentliche-verwaltung-gfs\/kf!9\/l!11\/\" href=\"https:\/\/akademie.ch\/weiterbildungen-seminare\/weiterbildungen\/gemeindefachschule\/fachfrau-fachmann-oeffentliche-verwaltung-gfs\/\" target=\"_blank\" rel=\"noopener\">hier<\/a>.\u00a0<\/p>\t\t\t\t\t\t\t\t<\/div>\n\t\t\t\t<\/div>\n\t\t\t\t<\/div>\n\t\t\t\t\t<\/div>\n\t\t\t\t<\/div>\n\t\t\t\t<\/div>","protected":false},"excerpt":{"rendered":"<p>Kurse und Weiterbildungen Eine unserer Hauptaufgaben ist die Organisation von einem interessanten und abwechslungsreichen Weiterbildungs-angebot f\u00fcr Gemeindeangestellte.\u00a0Durch die enge Zusammenarbeit mit dem\u00a0Zentrum f\u00fcr Verwaltungsmanagement\u00a0der FHGR in Chur sowie durch die Organisation von \u201eeignen\u201c Kursen k\u00f6nnen wir unseren Mitgliedern diverse Schulungs- und Informationsm\u00f6glichkeiten aus der Praxis anbieten. Unsere Mitglieder und die B\u00fcndner Gemeinden werden j\u00e4hrlich mit [&hellip;]<\/p>\n","protected":false},"author":1,"featured_media":0,"parent":0,"menu_order":0,"comment_status":"closed","ping_status":"closed","template":"","meta":{"_acf_changed":false,"footnotes":""},"class_list":["post-1816","page","type-page","status-publish","hentry"],"acf":[],"_links":{"self":[{"href":"https:\/\/vbga.qreate.ch\/rm_ch\/wp-json\/wp\/v2\/pages\/1816","targetHints":{"allow":["GET"]}}],"collection":[{"href":"https:\/\/vbga.qreate.ch\/rm_ch\/wp-json\/wp\/v2\/pages"}],"about":[{"href":"https:\/\/vbga.qreate.ch\/rm_ch\/wp-json\/wp\/v2\/types\/page"}],"author":[{"embeddable":true,"href":"https:\/\/vbga.qreate.ch\/rm_ch\/wp-json\/wp\/v2\/users\/1"}],"replies":[{"embeddable":true,"href":"https:\/\/vbga.qreate.ch\/rm_ch\/wp-json\/wp\/v2\/comments?post=1816"}],"version-history":[{"count":49,"href":"https:\/\/vbga.qreate.ch\/rm_ch\/wp-json\/wp\/v2\/pages\/1816\/revisions"}],"predecessor-version":[{"id":2804,"href":"https:\/\/vbga.qreate.ch\/rm_ch\/wp-json\/wp\/v2\/pages\/1816\/revisions\/2804"}],"wp:attachment":[{"href":"https:\/\/vbga.qreate.ch\/rm_ch\/wp-json\/wp\/v2\/media?parent=1816"}],"curies":[{"name":"wp","href":"https:\/\/api.w.org\/{rel}","templated":true}]}}